{"id":1541,"date":"2023-08-18T13:26:29","date_gmt":"2023-08-18T11:26:29","guid":{"rendered":"https:\/\/www.mobilfest.eu\/festival\/?page_id=1541"},"modified":"2023-08-30T13:50:54","modified_gmt":"2023-08-30T11:50:54","slug":"registracia-fotografie","status":"publish","type":"page","link":"https:\/\/www.mobilfest.eu\/festival\/registracia-fotografie\/","title":{"rendered":"Registr\u00e1cia fotografie 2023"},"content":{"rendered":"<div class=\"fusion-fullwidth fullwidth-box fusion-builder-row-1 fusion-flex-container has-pattern-background has-mask-background nonhundred-percent-fullwidth non-hundred-percent-height-scrolling\" style=\"--awb-border-radius-top-left:0px;--awb-border-radius-top-right:0px;--awb-border-radius-bottom-right:0px;--awb-border-radius-bottom-left:0px;--awb-flex-wrap:wrap;\" ><div class=\"fusion-builder-row fusion-row fusion-flex-align-items-flex-start fusion-flex-content-wrap\" style=\"max-width:1248px;margin-left: calc(-4% \/ 2 );margin-right: calc(-4% \/ 2 );\"><div class=\"fusion-layout-column fusion_builder_column fusion-builder-column-0 fusion_builder_column_1_1 1_1 fusion-flex-column\" style=\"--awb-bg-size:cover;--awb-width-large:100%;--awb-margin-top-large:0px;--awb-spacing-right-large:1.92%;--awb-margin-bottom-large:20px;--awb-spacing-left-large:1.92%;--awb-width-medium:100%;--awb-order-medium:0;--awb-spacing-right-medium:1.92%;--awb-spacing-left-medium:1.92%;--awb-width-small:100%;--awb-order-small:0;--awb-spacing-right-small:1.92%;--awb-spacing-left-small:1.92%;\"><div class=\"fusion-column-wrapper fusion-column-has-shadow fusion-flex-justify-content-flex-start fusion-content-layout-column\"><div class=\"fusion-form fusion-form-builder fusion-form-form-wrapper fusion-form-1853\" style=\"--awb-tooltip-text-color:#ffffff;--awb-tooltip-background-color:#333333;\" data-form-id=\"1853\" data-config=\"{&quot;form_id&quot;:&quot;1853&quot;,&quot;form_post_id&quot;:&quot;1853&quot;,&quot;post_id&quot;:1541,&quot;form_type&quot;:&quot;ajax&quot;,&quot;confirmation_type&quot;:&quot;message&quot;,&quot;redirect_url&quot;:&quot;&quot;,&quot;field_labels&quot;:{&quot;meno_a_priezvisko&quot;:&quot;Meno a priezvisko&quot;,&quot;email&quot;:&quot;Email&quot;,&quot;telefonne_cislo&quot;:&quot;Telef\\u00f3nne \\u010d\\u00edslo&quot;,&quot;kategoria&quot;:&quot;Kateg\\u00f3ria&quot;,&quot;zaner&quot;:&quot;\\u017d\\u00e1ner&quot;,&quot;mobil_ktory_bol_pouzity&quot;:&quot;Mobil, ktor\\u00fd bol pou\\u017eit\\u00fd&quot;,&quot;nazov_fotografie&quot;:&quot;N\\u00e1zov fotografie&quot;,&quot;popis&quot;:&quot;Stru\\u010dn\\u00fd popis fotografie&quot;,&quot;o_autorovi&quot;:&quot;O autorovi&quot;,&quot;fotografia&quot;:&quot;Fotografia&quot;,&quot;suhlas&quot;:&quot;&quot;},&quot;field_logics&quot;:{&quot;meno_a_priezvisko&quot;:&quot;&quot;,&quot;email&quot;:&quot;&quot;,&quot;telefonne_cislo&quot;:&quot;&quot;,&quot;kategoria&quot;:&quot;&quot;,&quot;zaner&quot;:&quot;[{\\&quot;operator\\&quot;:\\&quot;or\\&quot;,\\&quot;comparison\\&quot;:\\&quot;equal\\&quot;,\\&quot;field\\&quot;:\\&quot;kategoria\\&quot;,\\&quot;value\\&quot;:\\&quot;Dospel\\u00ed (nad 20 rokov)\\&quot;},{\\&quot;operator\\&quot;:\\&quot;or\\&quot;,\\&quot;comparison\\&quot;:\\&quot;equal\\&quot;,\\&quot;field\\&quot;:\\&quot;kategoria\\&quot;,\\&quot;value\\&quot;:\\&quot;\\u0160tudenti a \\u017eiaci (15 \\u2013 20 rokov)\\&quot;},{\\&quot;operator\\&quot;:\\&quot;or\\&quot;,\\&quot;comparison\\&quot;:\\&quot;equal\\&quot;,\\&quot;field\\&quot;:\\&quot;kategoria\\&quot;,\\&quot;value\\&quot;:\\&quot;Deti (do 14 rokov)\\&quot;}]&quot;,&quot;mobil_ktory_bol_pouzity&quot;:&quot;&quot;,&quot;nazov_fotografie&quot;:&quot;&quot;,&quot;popis&quot;:&quot;&quot;,&quot;o_autorovi&quot;:&quot;&quot;,&quot;fotografia&quot;:&quot;&quot;,&quot;suhlas&quot;:&quot;&quot;,&quot;notice_1&quot;:&quot;&quot;},&quot;field_types&quot;:{&quot;meno_a_priezvisko&quot;:&quot;text&quot;,&quot;email&quot;:&quot;email&quot;,&quot;telefonne_cislo&quot;:&quot;phone_number&quot;,&quot;kategoria&quot;:&quot;select&quot;,&quot;zaner&quot;:&quot;radio&quot;,&quot;mobil_ktory_bol_pouzity&quot;:&quot;text&quot;,&quot;nazov_fotografie&quot;:&quot;text&quot;,&quot;popis&quot;:&quot;textarea&quot;,&quot;o_autorovi&quot;:&quot;textarea&quot;,&quot;fotografia&quot;:&quot;upload&quot;,&quot;suhlas&quot;:&quot;consent&quot;,&quot;submit_1&quot;:&quot;submit&quot;,&quot;notice_1&quot;:&quot;notice&quot;},&quot;nonce_method&quot;:&quot;ajax&quot;}\"><form action=\"https:\/\/www.mobilfest.eu\/festival\/registracia-fotografie\/\" method=\"post\" class=\"fusion-form fusion-form-1853\" enctype=\"multipart\/form-data\"><div class=\"fusion-fullwidth fullwidth-box fusion-builder-row-1-1 fusion-flex-container has-pattern-background has-mask-background nonhundred-percent-fullwidth non-hundred-percent-height-scrolling\" style=\"--awb-border-radius-top-left:0px;--awb-border-radius-top-right:0px;--awb-border-radius-bottom-right:0px;--awb-border-radius-bottom-left:0px;--awb-flex-wrap:wrap;\" ><div class=\"fusion-builder-row fusion-row fusion-flex-align-items-flex-start fusion-flex-content-wrap\" style=\"width:104% !important;max-width:104% !important;margin-left: calc(-4% \/ 2 );margin-right: calc(-4% \/ 2 );\"><div class=\"fusion-layout-column fusion_builder_column fusion-builder-column-1 fusion_builder_column_1_1 1_1 fusion-flex-column\" style=\"--awb-bg-size:cover;--awb-width-large:100%;--awb-margin-top-large:0px;--awb-spacing-right-large:1.92%;--awb-margin-bottom-large:20px;--awb-spacing-left-large:1.92%;--awb-width-medium:100%;--awb-order-medium:0;--awb-spacing-right-medium:1.92%;--awb-spacing-left-medium:1.92%;--awb-width-small:100%;--awb-order-small:0;--awb-spacing-right-small:1.92%;--awb-spacing-left-small:1.92%;\"><div class=\"fusion-column-wrapper fusion-column-has-shadow fusion-flex-justify-content-flex-start fusion-content-layout-column\"><div class=\"fusion-form-field fusion-form-text-field fusion-form-label-above\" style=\"\" data-form-id=\"1853\"><div class=\"fusion-form-label-wrapper\"><label for=\"meno_a_priezvisko\">Meno a priezvisko <abbr class=\"fusion-form-element-required\" title=\"required\">*<\/abbr><\/label><\/div><input type=\"text\" name=\"meno_a_priezvisko\" id=\"meno_a_priezvisko\" value=\"\"  class=\"fusion-form-input\" required=\"true\" aria-required=\"true\" placeholder=\"Autor fotografie*\" data-holds-private-data=\"false\" minlength=\"0\"\/><\/div><div class=\"fusion-form-field fusion-form-email-field fusion-form-label-above\" style=\"\" data-form-id=\"1853\"><div class=\"fusion-form-label-wrapper\"><label for=\"email\">Email <abbr class=\"fusion-form-element-required\" title=\"required\">*<\/abbr><\/label><\/div><input type=\"email\" name=\"email\" id=\"email\" value=\"\"  class=\"fusion-form-input\" required=\"true\" aria-required=\"true\" placeholder=\"Emailov\u00e1 adresa*\" data-holds-private-data=\"false\"\/><\/div><div class=\"fusion-form-field fusion-form-phone-number-field fusion-form-label-above\" style=\"\" data-form-id=\"1853\"><div class=\"fusion-form-label-wrapper\"><label for=\"telefonne_cislo\">Telef\u00f3nne \u010d\u00edslo<\/label><\/div><div class=\"fusion-form-input-with-icon\"><i class=\"awb-form-icon fa-phone-square-alt fas\"><\/i><input type=\"tel\" name=\"telefonne_cislo\" id=\"telefonne_cislo\" value=\"\"  class=\"fusion-form-input\" placeholder=\"v tvare +421 9XX XXX XXX\" data-holds-private-data=\"false\"\/><\/div><\/div><div class=\"fusion-form-field fusion-form-select-field fusion-form-label-above\" style=\"\" data-form-id=\"1853\"><label for=\"kategoria\">Kateg\u00f3ria <abbr class=\"fusion-form-element-required\" title=\"required\">*<\/abbr><\/label><div class=\"fusion-select-wrapper\"><select data-empty-notice=\"Vyberte kateg\u00f3riu\" tabindex=\"\" id=\"kategoria\" name=\"kategoria\" class=\"fusion-form-input\" required=\"true\" aria-required=\"true\" data-holds-private-data=\"false\"><option value=\"\" disabled selected>Vyberte kateg\u00f3riu<\/option><option value=\"Dospel\u00ed (od 18 rokov)\" >Dospel\u00ed (od 18 rokov)<\/option><option value=\"\u0160tudenti a \u017eiaci (15 \u2013 17 rokov)\" >\u0160tudenti a \u017eiaci (15 \u2013 17 rokov)<\/option><option value=\"Deti (do 14 rokov)\" >Deti (do 14 rokov)<\/option><\/select><div class=\"select-arrow\"><svg width=\"12\" height=\"8\" viewBox=\"0 0 12 8\" fill=\"none\" xmlns=\"http:\/\/www.w3.org\/2000\/svg\"> <path d=\"M1.5 1.75L6 6.25L10.5 1.75\" stroke=\"#6D6D6D\" stroke-width=\"2\" stroke-linecap=\"round\" stroke-linejoin=\"round\"\/> <\/svg><\/div><\/div><\/div><div class=\"fusion-form-field fusion-form-radio-field fusion-form-label-above fusion-form-field-hidden\" style=\"\" data-form-id=\"1853\"><div class=\"fusion-form-label-wrapper\"><span class=\"label\">\u017d\u00e1ner <abbr class=\"fusion-form-element-required\" title=\"required\">*<\/abbr><\/span><\/div><fieldset><div class=\"fusion-form-radio\"><input tabindex=\"\" id=\"radio-zaner-1-0\" type=\"radio\" value=\"Portr\u00e9t\" name=\"zaner\" class=\"fusion-form-input\" required=\"true\" aria-required=\"true\" data-holds-private-data=\"false\"\/><label for=\"radio-zaner-1-0\">Portr\u00e9t<\/label><\/div><div class=\"fusion-form-radio\"><input tabindex=\"\" id=\"radio-zaner-1-1\" type=\"radio\" value=\"Krajina\" name=\"zaner\" class=\"fusion-form-input\" required=\"true\" aria-required=\"true\" data-holds-private-data=\"false\"\/><label for=\"radio-zaner-1-1\">Krajina<\/label><\/div><div class=\"fusion-form-radio\"><input tabindex=\"\" id=\"radio-zaner-1-2\" type=\"radio\" value=\"Architekt\u00fara\" name=\"zaner\" class=\"fusion-form-input\" required=\"true\" aria-required=\"true\" data-holds-private-data=\"false\"\/><label for=\"radio-zaner-1-2\">Architekt\u00fara<\/label><\/div><div class=\"fusion-form-radio\"><input tabindex=\"\" id=\"radio-zaner-1-3\" type=\"radio\" value=\"Z\u00e1ti\u0161ie\" name=\"zaner\" class=\"fusion-form-input\" required=\"true\" aria-required=\"true\" data-holds-private-data=\"false\"\/><label for=\"radio-zaner-1-3\">Z\u00e1ti\u0161ie<\/label><\/div><div class=\"fusion-form-radio\"><input tabindex=\"\" id=\"radio-zaner-1-4\" type=\"radio\" value=\"Experiment\" name=\"zaner\" class=\"fusion-form-input\" required=\"true\" aria-required=\"true\" data-holds-private-data=\"false\"\/><label for=\"radio-zaner-1-4\">Experiment<\/label><\/div><div class=\"fusion-form-radio\"><input tabindex=\"\" id=\"radio-zaner-1-5\" type=\"radio\" value=\"\u0160peci\u00e1lna kateg\u00f3ria (XXX)\" name=\"zaner\" class=\"fusion-form-input\" required=\"true\" aria-required=\"true\" data-holds-private-data=\"false\"\/><label for=\"radio-zaner-1-5\">\u0160peci\u00e1lna kateg\u00f3ria (XXX)<\/label><\/div><\/fieldset><\/div><div class=\"fusion-form-field fusion-form-text-field fusion-form-label-above\" style=\"\" data-form-id=\"1853\"><div class=\"fusion-form-label-wrapper\"><label for=\"mobil_ktory_bol_pouzity\">Mobil, ktor\u00fd bol pou\u017eit\u00fd <abbr class=\"fusion-form-element-required\" title=\"required\">*<\/abbr><\/label><\/div><input type=\"text\" name=\"mobil_ktory_bol_pouzity\" id=\"mobil_ktory_bol_pouzity\" value=\"\"  class=\"fusion-form-input\" required=\"true\" aria-required=\"true\" placeholder=\"V\u00fdrobca a typ*\" data-holds-private-data=\"false\" minlength=\"0\"\/><\/div><div class=\"fusion-form-field fusion-form-text-field fusion-form-label-above\" style=\"\" data-form-id=\"1853\"><div class=\"fusion-form-label-wrapper\"><label for=\"nazov_fotografie\">N\u00e1zov fotografie <abbr class=\"fusion-form-element-required\" title=\"required\">*<\/abbr><\/label><\/div><input type=\"text\"  data-empty-notice=\"Ako sa vol\u00e1 va\u0161a fotografia?\" name=\"nazov_fotografie\" id=\"nazov_fotografie\" value=\"\"  class=\"fusion-form-input\" required=\"true\" aria-required=\"true\" placeholder=\"Ako sa vol\u00e1 va\u0161a fotografia?*\" data-holds-private-data=\"false\" minlength=\"0\"\/><\/div><div class=\"fusion-form-field fusion-form-textarea-field fusion-form-label-above\" style=\"\" data-form-id=\"1853\"><label for=\"popis\">Stru\u010dn\u00fd popis fotografie <abbr class=\"fusion-form-element-required\" title=\"required\">*<\/abbr><\/label><textarea cols=\"40\"  minlength=\"0\"  rows=\"4\" tabindex=\"\" id=\"popis\" name=\"popis\" class=\"fusion-form-input\" required=\"true\" aria-required=\"true\" placeholder=\"Popis fotografie*\" data-holds-private-data=\"false\"><\/textarea><\/div><div class=\"fusion-form-field fusion-form-textarea-field fusion-form-label-above\" style=\"\" data-form-id=\"1853\"><label for=\"o_autorovi\">O autorovi<\/label><textarea cols=\"40\"  minlength=\"0\"  rows=\"4\" tabindex=\"\" id=\"o_autorovi\" name=\"o_autorovi\" class=\"fusion-form-input\" placeholder=\"Kr\u00e1tky popis autora fotografie\" data-holds-private-data=\"false\"><\/textarea><\/div><div class=\"fusion-form-field fusion-form-upload-field fusion-form-label-above\" style=\"\" data-form-id=\"1853\"><label for=\"fotografia\">Fotografia <abbr class=\"fusion-form-element-required\" title=\"required\">*<\/abbr><\/label><div class=\"fusion-form-input-with-icon\"><i class=\" fa-upload fas\"><\/i><div class=\"fusion-form-upload-field-container\"><input type=\"file\" id=\"fotografia\" name=\"fotografia\" value=\"\"  class=\"fusion-form-input\"accept=\".jpg,.png,.gif\" required=\"true\" aria-required=\"true\" placeholder=\"Kliknut\u00edm alebo pretiahnut\u00edm s\u00faboru do tejto oblasti ho nahr\u00e1te.*\" data-size=\"100\"\/><input type=\"text\" disabled value=\"\" class=\"fusion-form-upload-field\"  required=\"true\" aria-required=\"true\" placeholder=\"Kliknut\u00edm alebo pretiahnut\u00edm s\u00faboru do tejto oblasti ho nahr\u00e1te.*\" data-holds-private-data=\"false\"\/><div ><a class=\"fusion-button button-flat button-medium button-default fusion-button-default button-1 fusion-button-default-span fusion-button-default-type fusion-form-upload-field-button\" style=\"--button-border-radius-top-left:0px;--button-border-radius-top-right:0px;--button-border-radius-bottom-right:0px;--button-border-radius-bottom-left:0px;\" target=\"_self\" href=\"javascript:void();\"><span class=\"fusion-button-text\">Choose File<\/span><\/a><\/div><\/div><\/div><\/div><div class=\"fusion-form-field fusion-form-consent-field fusion-form-label-above\" style=\"\" data-form-id=\"1853\"><div class=\"fusion-form-checkbox option-inline\"><input tabindex=\"\" id=\"suhlas\" type=\"checkbox\" value=\"1\" name=\"suhlas\" class=\"fusion-form-input\" required=\"true\" aria-required=\"true\"\/><label for=\"suhlas\"><span style=\"color:#000000\">S&uacute;hlas&iacute;m s <\/span><a href=\"https:\/\/www.mobilfest.eu\/festival\/pravidla-sutaze\/\" target=\"_blank\"><span style=\"color:#8e44ad\"><strong>Pravidlami a podmienkam<\/strong><\/span><span style=\"color:#000000\">i<\/span><\/a><span style=\"color:#000000\"> s&uacute;\u0165a\u017ee<\/span><\/label><\/div><\/div><div class=\"fusion-form-field fusion-form-submit-field fusion-form-label-above\" style=\"\" data-form-id=\"1853\"><div ><button type=\"submit\" class=\"fusion-button button-flat fusion-button-default-size button-default fusion-button-default button-2 fusion-button-default-span  form-form-submit button-default\" data-form-number=\"1853\" tabindex=\"\"><span class=\"fusion-button-text\">Odosla\u0165 a registrova\u0165<\/span><\/button><\/div><\/div><div class=\"form-submission-notices data-notice_1\" id=\"fusion-notices-1\"><div class=\"fusion-alert alert success alert-success fusion-alert-center fusion-form-response fusion-form-response-success awb-alert-native-link-color alert-dismissable awb-alert-close-boxed\" role=\"alert\"><div class=\"fusion-alert-content-wrapper\"><span class=\"alert-icon\"><i class=\"awb-icon-check-circle\" aria-hidden=\"true\"><\/i><\/span><span class=\"fusion-alert-content\">\u010eakujeme za registr\u00e1ciu. Ak to bude potrebn\u00e9, budeme V\u00e1s kontaktova\u0165.<\/span><\/div><button type=\"button\" class=\"close toggle-alert\" data-dismiss=\"alert\" aria-label=\"Close\">&times;<\/button><\/div><div class=\"fusion-alert alert error alert-danger fusion-alert-center fusion-form-response fusion-form-response-error awb-alert-native-link-color alert-dismissable awb-alert-close-boxed\" role=\"alert\"><div class=\"fusion-alert-content-wrapper\"><span class=\"alert-icon\"><i class=\"awb-icon-exclamation-triangle\" aria-hidden=\"true\"><\/i><\/span><span class=\"fusion-alert-content\">There was an error trying to send your message. Please try again later.<\/span><\/div><button type=\"button\" class=\"close toggle-alert\" data-dismiss=\"alert\" aria-label=\"Close\">&times;<\/button><\/div><\/div><\/div><\/div><\/div><\/div><input type=\"hidden\" name=\"fusion_privacy_store_ip_ua\" value=\"true\"><input type=\"hidden\" name=\"fusion_privacy_expiration_interval\" value=\"12\"><input type=\"hidden\" name=\"privacy_expiration_action\" value=\"anonymize\"><\/form><\/div><\/div><\/div><\/div><\/div>\n","protected":false},"excerpt":{"rendered":"","protected":false},"author":1,"featured_media":0,"parent":0,"menu_order":0,"comment_status":"closed","ping_status":"closed","template":"100-width.php","meta":{"footnotes":""},"class_list":["post-1541","page","type-page","status-publish","hentry"],"aioseo_notices":[],"_links":{"self":[{"href":"https:\/\/www.mobilfest.eu\/festival\/wp-json\/wp\/v2\/pages\/1541","targetHints":{"allow":["GET"]}}],"collection":[{"href":"https:\/\/www.mobilfest.eu\/festival\/wp-json\/wp\/v2\/pages"}],"about":[{"href":"https:\/\/www.mobilfest.eu\/festival\/wp-json\/wp\/v2\/types\/page"}],"author":[{"embeddable":true,"href":"https:\/\/www.mobilfest.eu\/festival\/wp-json\/wp\/v2\/users\/1"}],"replies":[{"embeddable":true,"href":"https:\/\/www.mobilfest.eu\/festival\/wp-json\/wp\/v2\/comments?post=1541"}],"version-history":[{"count":5,"href":"https:\/\/www.mobilfest.eu\/festival\/wp-json\/wp\/v2\/pages\/1541\/revisions"}],"predecessor-version":[{"id":1871,"href":"https:\/\/www.mobilfest.eu\/festival\/wp-json\/wp\/v2\/pages\/1541\/revisions\/1871"}],"wp:attachment":[{"href":"https:\/\/www.mobilfest.eu\/festival\/wp-json\/wp\/v2\/media?parent=1541"}],"curies":[{"name":"wp","href":"https:\/\/api.w.org\/{rel}","templated":true}]}}