{"id":2923,"date":"2025-11-17T11:31:54","date_gmt":"2025-11-17T10:31:54","guid":{"rendered":"https:\/\/www.mobilfest.eu\/festival\/?page_id=2923"},"modified":"2025-11-17T11:31:54","modified_gmt":"2025-11-17T10:31:54","slug":"sutazne-videa-2025","status":"publish","type":"page","link":"https:\/\/www.mobilfest.eu\/festival\/sutazne-videa-2025\/","title":{"rendered":"S\u00fa\u0165a\u017en\u00e9 vide\u00e1 2025"},"content":{"rendered":"","protected":false},"excerpt":{"rendered":"","protected":false},"author":4,"featured_media":0,"parent":0,"menu_order":0,"comment_status":"closed","ping_status":"closed","template":"100-width.php","meta":{"footnotes":""},"class_list":["post-2923","page","type-page","status-publish","hentry"],"aioseo_notices":[],"_links":{"self":[{"href":"https:\/\/www.mobilfest.eu\/festival\/wp-json\/wp\/v2\/pages\/2923","targetHints":{"allow":["GET"]}}],"collection":[{"href":"https:\/\/www.mobilfest.eu\/festival\/wp-json\/wp\/v2\/pages"}],"about":[{"href":"https:\/\/www.mobilfest.eu\/festival\/wp-json\/wp\/v2\/types\/page"}],"author":[{"embeddable":true,"href":"https:\/\/www.mobilfest.eu\/festival\/wp-json\/wp\/v2\/users\/4"}],"replies":[{"embeddable":true,"href":"https:\/\/www.mobilfest.eu\/festival\/wp-json\/wp\/v2\/comments?post=2923"}],"version-history":[{"count":1,"href":"https:\/\/www.mobilfest.eu\/festival\/wp-json\/wp\/v2\/pages\/2923\/revisions"}],"predecessor-version":[{"id":2924,"href":"https:\/\/www.mobilfest.eu\/festival\/wp-json\/wp\/v2\/pages\/2923\/revisions\/2924"}],"wp:attachment":[{"href":"https:\/\/www.mobilfest.eu\/festival\/wp-json\/wp\/v2\/media?parent=2923"}],"curies":[{"name":"wp","href":"https:\/\/api.w.org\/{rel}","templated":true}]}}